{"id":1918,"date":"2024-01-04T10:54:19","date_gmt":"2024-01-04T02:54:19","guid":{"rendered":"https:\/\/www.joysee-eyewear.com\/?post_type=product&#038;p=1918"},"modified":"2024-11-07T03:09:56","modified_gmt":"2024-11-07T03:09:56","slug":"lt4003s-source-unisex-polarized-sunglasses-here-china-sunglasses-manufacturer","status":"publish","type":"product","link":"https:\/\/www.joysee-eyewear.com\/es\/producto\/lt4003s-source-unisex-polarized-sunglasses-here-china-sunglasses-manufacturer\/","title":{"rendered":"LT4003S- Fuente Unisex Gafas de sol polarizadas Aqu\u00ed China Gafas de sol Fabricante"},"content":{"rendered":"<p>Bienvenido a nuestra empresa, un destacado fabricante de gafas de sol de China, especializada en gafas de sol personalizadas de alta calidad. Nos enorgullecemos de producir gafas de sol cl\u00e1sicas y unisex elaboradas con acetato de primera calidad, una caracter\u00edstica que nos diferencia de otras gafas de sol de f\u00e1brica.<\/p>\n<h2>Descubra nuestra gama de gafas de sol cl\u00e1sicas<\/h2>\n<p>Nuestras gafas de sol cuentan con dise\u00f1os atemporales y unisex que atraen a un amplio p\u00fablico. Como fabricante de gafas de sol y mayorista de gafas de renombre, nos aseguramos de que nuestros productos reflejen un estilo y una sofisticaci\u00f3n duraderos.<\/p>\n<h3>Detalle excepcional<\/h3>\n<p>Las gafas de sol que fabricamos cuentan con bisagras flexibles internas, que ofrecen una durabilidad superior. Nuestros dise\u00f1os tambi\u00e9n incorporan lentes polarizadas, que proporcionan la m\u00e1xima protecci\u00f3n contra los da\u00f1inos rayos UV.<\/p>\n<h2>Sus fabricantes de gafas de sol personalizadas<\/h2>\n<p>Adem\u00e1s de ser un fabricante de gafas de sol de confianza, tambi\u00e9n atendemos pedidos personalizados. Tanto si es un vendedor de gafas de sol como una empresa de gafas que quiere ampliar su l\u00ednea de productos, nosotros le cubrimos las espaldas. Nuestro equipo de expertos artesanos trabajar\u00e1 estrechamente con usted para hacer realidad su visi\u00f3n.<\/p>\n<h3>Pedidos de gafas de sol al por mayor<\/h3>\n<p>Tambi\u00e9n ofrecemos una amplia gama de gafas de sol al por mayor, lo que nos convierte en el proveedor de gafas de sol al por mayor para ni\u00f1os.<\/p>\n<h2>Fabricante de gafas de sol en China: Materiales de acetato<\/h2>\n<p>Utilizamos acetato, un material de gama alta muy popular entre las 10 mejores empresas de gafas de sol. Ofrece una durabilidad inigualable, lo que convierte a nuestras gafas de sol en gafas de lectura irrompibles. Adem\u00e1s, el acetato permite opciones de colores vibrantes, perfectas para quienes buscan gafas de sol divertidas.<\/p>\n<h3>Gafas de sol al por mayor: La calidad al alcance de todos<\/h3>\n<p>Como fabricantes de gafas al por mayor, garantizamos la calidad de nuestras gafas sin renunciar a la asequibilidad. Somos un mayorista de gafas de sol que cree en ofrecer valor a nuestros clientes, ya est\u00e9n buscando gafas de sol de moda al por mayor o productos de salida de f\u00e1brica de gafas de sol.<\/p>","protected":false},"excerpt":{"rendered":"<p>Como uno de los principales fabricantes de gafas de sol de China, ofrecemos gafas de sol cl\u00e1sicas, unisex y personalizadas. Fabricadas con acetato de primera calidad, nuestros productos cuentan con bisagras internas flexibles y lentes polarizadas. Nuestros fabricantes de gafas de sol personalizadas tambi\u00e9n atienden pedidos al por mayor. Elija nuestras gafas de sol duraderas, elegantes y asequibles.<\/p>","protected":false},"featured_media":1919,"template":"","meta":[],"product_brand":[],"product_cat":[51,41],"product_tag":[66,67],"class_list":{"0":"post-1918","1":"product","2":"type-product","3":"status-publish","4":"has-post-thumbnail","6":"product_cat-acetate-sunglasses","7":"product_cat-sunglasses","8":"product_tag-acetate-sunglasses","9":"product_tag-sunglasses","11":"first","12":"instock","13":"shipping-taxable","14":"product-type-simple"},"aioseo_notices":[],"_links":{"self":[{"href":"https:\/\/www.joysee-eyewear.com\/es\/wp-json\/wp\/v2\/product\/1918","targetHints":{"allow":["GET"]}}],"collection":[{"href":"https:\/\/www.joysee-eyewear.com\/es\/wp-json\/wp\/v2\/product"}],"about":[{"href":"https:\/\/www.joysee-eyewear.com\/es\/wp-json\/wp\/v2\/types\/product"}],"wp:featuredmedia":[{"embeddable":true,"href":"https:\/\/www.joysee-eyewear.com\/es\/wp-json\/wp\/v2\/media\/1919"}],"wp:attachment":[{"href":"https:\/\/www.joysee-eyewear.com\/es\/wp-json\/wp\/v2\/media?parent=1918"}],"wp:term":[{"taxonomy":"product_brand","embeddable":true,"href":"https:\/\/www.joysee-eyewear.com\/es\/wp-json\/wp\/v2\/product_brand?post=1918"},{"taxonomy":"product_cat","embeddable":true,"href":"https:\/\/www.joysee-eyewear.com\/es\/wp-json\/wp\/v2\/product_cat?post=1918"},{"taxonomy":"product_tag","embeddable":true,"href":"https:\/\/www.joysee-eyewear.com\/es\/wp-json\/wp\/v2\/product_tag?post=1918"}],"curies":[{"name":"wp","href":"https:\/\/api.w.org\/{rel}","templated":true}]}}