{"id":1984,"date":"2024-01-04T14:16:15","date_gmt":"2024-01-04T06:16:15","guid":{"rendered":"https:\/\/www.joysee-eyewear.com\/?post_type=product&#038;p=1984"},"modified":"2024-11-07T02:46:02","modified_gmt":"2024-11-07T02:46:02","slug":"lt4006s-polarized-lenses-classic-acetate-unisex-china-sunglasses-manufacturer-factory-price","status":"publish","type":"product","link":"https:\/\/www.joysee-eyewear.com\/es\/producto\/lt4006s-polarized-lenses-classic-acetate-unisex-china-sunglasses-manufacturer-factory-price\/","title":{"rendered":"LT4006S - lentes polarizadas Classic Acetato Unisex China gafas de sol Fabricantes Precio de f\u00e1brica"},"content":{"rendered":"<h2>Gafas de sol de calidad superior de fabricantes de gafas de sol de confianza<\/h2>\n<h3>El dise\u00f1o cl\u00e1sico unisex se combina con la funcionalidad moderna<\/h3>\n<p>Cuando se trata de gafas, pocos productos pueden igualar el estilo y la practicidad de nuestras gafas de sol cl\u00e1sicas unisex de acetato. Con un dise\u00f1o atemporal, estas gafas de sol son perfectas tanto para hombre como para mujer, lo que las convierte en el accesorio de moda definitivo.<\/p>\n<h3>Materiales superiores para una comodidad y durabilidad inigualables<\/h3>\n<p>Como proveedor l\u00edder de gafas de sol, nos enorgullecemos de utilizar s\u00f3lo materiales de la m\u00e1s alta calidad en nuestros productos. Estas gafas de sol cuentan con monturas fabricadas en acetato de primera calidad, conocido por su durabilidad, ligereza y propiedades hipoalerg\u00e9nicas.<\/p>\n<h2>Lentes polarizadas para una protecci\u00f3n visual \u00f3ptima<\/h2>\n<h3>Bloquea los da\u00f1inos rayos UV<\/h3>\n<p>Nuestras gafas de sol no s\u00f3lo te dan un buen aspecto, tambi\u00e9n protegen tus ojos. Equipadas con lentes polarizadas, nuestras gafas de sol bloquean los da\u00f1inos rayos UV, reduciendo el deslumbramiento y evitando la fatiga visual.<\/p>\n<h2>Gafas de sol al por mayor a precios directos de f\u00e1brica<\/h2>\n<h3>Valor excepcional para grandes compradores y minoristas<\/h3>\n<p>\u00bfEs usted un minorista que busca un mayorista de gafas de sol de confianza o un comprador al por mayor en busca de grandes ofertas? Como fabricante de gafas de sol de confianza en China, ofrecemos precios directos de f\u00e1brica, proporcionando un valor excepcional a nuestros clientes.<\/p>\n<h2>Opciones personalizables para unas gafas de sol \u00fanicas<\/h2>\n<h3>Haz que tus gafas de sol destaquen<\/h3>\n<p>En nuestra tienda outlet de gafas de sol, sabemos que cada persona tiene sus propias preferencias de estilo. Por eso ofrecemos opciones personalizables, que le permiten crear gafas que reflejen realmente su estilo personal.<\/p>\n<h2>La empresa de gafas de sol en la que puede confiar<\/h2>\n<h3>Un vendedor de gafas de sol con a\u00f1os de experiencia<\/h3>\n<p>Con a\u00f1os de experiencia en la fabricaci\u00f3n de gafas de sol, nos hemos consolidado como una de las 10 empresas de gafas de sol m\u00e1s importantes del mundo. No somos solo un mayorista de gafas de sol: somos una empresa comprometida con la calidad, el estilo y el valor.<\/p>","protected":false},"excerpt":{"rendered":"<p>Descubra lo \u00faltimo en estilo y protecci\u00f3n ocular con nuestras gafas de sol unisex cl\u00e1sicas. Como fabricante l\u00edder de gafas de sol, ofrecemos monturas de acetato de alta calidad y lentes polarizadas, que garantizan durabilidad y comodidad. Tanto si eres un minorista que busca gafas de sol al por mayor como si eres un particular amante de la moda, nuestros precios de f\u00e1brica no te dejar\u00e1n indiferente.<\/p>","protected":false},"featured_media":1987,"template":"","meta":[],"product_brand":[],"product_cat":[51,41],"product_tag":[66,67],"class_list":{"0":"post-1984","1":"product","2":"type-product","3":"status-publish","4":"has-post-thumbnail","6":"product_cat-acetate-sunglasses","7":"product_cat-sunglasses","8":"product_tag-acetate-sunglasses","9":"product_tag-sunglasses","11":"first","12":"instock","13":"shipping-taxable","14":"product-type-simple"},"aioseo_notices":[],"_links":{"self":[{"href":"https:\/\/www.joysee-eyewear.com\/es\/wp-json\/wp\/v2\/product\/1984","targetHints":{"allow":["GET"]}}],"collection":[{"href":"https:\/\/www.joysee-eyewear.com\/es\/wp-json\/wp\/v2\/product"}],"about":[{"href":"https:\/\/www.joysee-eyewear.com\/es\/wp-json\/wp\/v2\/types\/product"}],"wp:featuredmedia":[{"embeddable":true,"href":"https:\/\/www.joysee-eyewear.com\/es\/wp-json\/wp\/v2\/media\/1987"}],"wp:attachment":[{"href":"https:\/\/www.joysee-eyewear.com\/es\/wp-json\/wp\/v2\/media?parent=1984"}],"wp:term":[{"taxonomy":"product_brand","embeddable":true,"href":"https:\/\/www.joysee-eyewear.com\/es\/wp-json\/wp\/v2\/product_brand?post=1984"},{"taxonomy":"product_cat","embeddable":true,"href":"https:\/\/www.joysee-eyewear.com\/es\/wp-json\/wp\/v2\/product_cat?post=1984"},{"taxonomy":"product_tag","embeddable":true,"href":"https:\/\/www.joysee-eyewear.com\/es\/wp-json\/wp\/v2\/product_tag?post=1984"}],"curies":[{"name":"wp","href":"https:\/\/api.w.org\/{rel}","templated":true}]}}